{"id":12167,"date":"2023-07-12T00:56:41","date_gmt":"2023-07-11T22:56:41","guid":{"rendered":"https:\/\/dashboard.leguaromusic.com\/?post_type=product&#038;p=12167"},"modified":"2024-10-03T02:09:58","modified_gmt":"2024-10-03T00:09:58","slug":"one-music-basic-plan","status":"publish","type":"product","link":"https:\/\/dashboard.leguaromusic.com\/pt\/produto\/one-music-basic-plan\/","title":{"rendered":"ONE MUSIC &#8211; BASIC PLAN"},"content":{"rendered":"<div data-elementor-type=\"wp-post\" data-elementor-id=\"12167\" class=\"elementor elementor-12167\" data-elementor-settings=\"{&quot;ha_cmc_init_switcher&quot;:&quot;no&quot;}\" data-elementor-post-type=\"product\">\n\t\t\t\t\t\t<section data-particle_enable=\"false\" data-particle-mobile-disabled=\"false\" class=\"elementor-section elementor-top-section elementor-element elementor-element-4d1f23a2 elementor-section-boxed elementor-section-height-default elementor-section-height-default\" data-id=\"4d1f23a2\" data-element_type=\"section\" data-e-type=\"section\" data-settings=\"{&quot;_ha_eqh_enable&quot;:false}\">\n\t\t\t\t\t\t<div class=\"elementor-container elementor-column-gap-default\">\n\t\t\t\t\t<div class=\"elementor-column elementor-col-100 elementor-top-column elementor-element elementor-element-147544b2\" data-id=\"147544b2\" data-element_type=\"column\" data-e-type=\"column\">\n\t\t\t<div class=\"elementor-widget-wrap elementor-element-populated\">\n\t\t\t\t\t\t<div class=\"elementor-element elementor-element-21462822 elementor-widget elementor-widget-text-editor\" data-id=\"21462822\" data-element_type=\"widget\" data-e-type=\"widget\" data-widget_type=\"text-editor.default\">\n\t\t\t\t<div class=\"elementor-widget-container\">\n\t\t\t\t\t\t\t\t\t<ul><li><span style=\"color: #000000;\">01 Artista<\/span><\/li><li><span style=\"color: #000000;\">Lan\u00e7ar m\u00fasicas ilimitadas e distribu\u00ed-las em mais de 300 lojas<\/span><\/li><li><span style=\"color: #000000;\">P\u00e1gina de pr\u00e9-salvamento<\/span><\/li><li><span style=\"color: #000000;\">Aprovamos suas libera\u00e7\u00f5es em 24 horas, sem longas esperas<\/span><\/li><li><span style=\"color: #000000;\">Fique com 100% dos royalties que voc\u00ea ganhar e mantenha todos os direitos<\/span><\/li><li><span style=\"color: #000000;\">Proteja os direitos autorais de suas m\u00fasicas<\/span><\/li><li><span style=\"color: #000000;\">Acesso aos nossos brindes e descontos<\/span><\/li><li><span style=\"color: #000000; font-style: inherit; font-weight: inherit; background-color: var(--ast-global-color-5);\">Cancelar a qualquer momento<\/span><\/li><\/ul>\t\t\t\t\t\t\t\t<\/div>\n\t\t\t\t<\/div>\n\t\t\t\t\t<\/div>\n\t\t<\/div>\n\t\t\t\t\t<\/div>\n\t\t<\/section>\n\t\t\t\t<\/div>","protected":false},"excerpt":{"rendered":"<ul>\n<li><span style=\"color: #000000;\">01 Artista<\/span><\/li>\n<li><span style=\"color: #000000;\">Lan\u00e7ar m\u00fasicas ilimitadas e distribu\u00ed-las em mais de 300 lojas<\/span><\/li>\n<li><span style=\"color: #000000;\">P\u00e1gina do Smart-Link\u00a0<\/span><\/li>\n<li><span style=\"color: #000000;\">We approve your releases within 78 hours with no long waits<\/span><\/li>\n<li><span style=\"color: #000000;\">Fique com 100% dos royalties que voc\u00ea ganhar e mantenha todos os direitos<\/span><\/li>\n<li><span style=\"color: #000000;\">Proteja os direitos autorais de suas m\u00fasicas<\/span><\/li>\n<li><span style=\"color: #000000;\">Acesso aos nossos brindes e descontos<br \/>\n<\/span><\/li>\n<li>Many more services included<\/li>\n<li><span style=\"color: #000000;\">Cancelar a qualquer momento<\/span><\/li>\n<\/ul>","protected":false},"featured_media":12147,"template":"","meta":{"site-sidebar-layout":"default","site-content-layout":"default","ast-site-content-layout":"default","site-content-style":"default","site-sidebar-style":"default","ast-global-header-display":"","ast-banner-title-visibility":"","ast-main-header-display":"","ast-hfb-above-header-display":"","ast-hfb-below-header-display":"","ast-hfb-mobile-header-display":"","site-post-title":"","ast-breadcrumbs-content":"","ast-featured-img":"","footer-sml-layout":"","ast-disable-related-posts":"","theme-transparent-header-meta":"default","adv-header-id-meta":"","stick-header-meta":"default","header-above-stick-meta":"","header-main-stick-meta":"","header-below-stick-meta":"","astra-migrate-meta-layouts":"set","ast-page-background-enabled":"default","ast-page-background-meta":{"desktop":{"background-color":"","background-image":"","background-repeat":"repeat","background-position":"center center","background-size":"auto","background-attachment":"scroll","background-type":"","background-media":"","overlay-type":"","overlay-color":"","overlay-opacity":"","overlay-gradient":""},"tablet":{"background-color":"","background-image":"","background-repeat":"repeat","background-position":"center center","background-size":"auto","background-attachment":"scroll","background-type":"","background-media":"","overlay-type":"","overlay-color":"","overlay-opacity":"","overlay-gradient":""},"mobile":{"background-color":"","background-image":"","background-repeat":"repeat","background-position":"center center","background-size":"auto","background-attachment":"scroll","background-type":"","background-media":"","overlay-type":"","overlay-color":"","overlay-opacity":"","overlay-gradient":""}},"ast-content-background-meta":{"desktop":{"background-color":"var(--ast-global-color-5)","background-image":"","background-repeat":"repeat","background-position":"center center","background-size":"auto","background-attachment":"scroll","background-type":"","background-media":"","overlay-type":"","overlay-color":"","overlay-opacity":"","overlay-gradient":""},"tablet":{"background-color":"var(--ast-global-color-5)","background-image":"","background-repeat":"repeat","background-position":"center center","background-size":"auto","background-attachment":"scroll","background-type":"","background-media":"","overlay-type":"","overlay-color":"","overlay-opacity":"","overlay-gradient":""},"mobile":{"background-color":"var(--ast-global-color-5)","background-image":"","background-repeat":"repeat","background-position":"center center","background-size":"auto","background-attachment":"scroll","background-type":"","background-media":"","overlay-type":"","overlay-color":"","overlay-opacity":"","overlay-gradient":""}}},"product_brand":[],"product_cat":[130],"product_tag":[],"class_list":{"0":"post-12167","1":"product","2":"type-product","3":"status-publish","4":"has-post-thumbnail","6":"product_cat-one-music-group","7":"desktop-align-center","8":"tablet-align-left","9":"mobile-align-left","11":"first","12":"instock","13":"virtual","14":"sold-individually","15":"purchasable","16":"product-type-subscription"},"_links":{"self":[{"href":"https:\/\/dashboard.leguaromusic.com\/pt\/wp-json\/wp\/v2\/product\/12167","targetHints":{"allow":["GET"]}}],"collection":[{"href":"https:\/\/dashboard.leguaromusic.com\/pt\/wp-json\/wp\/v2\/product"}],"about":[{"href":"https:\/\/dashboard.leguaromusic.com\/pt\/wp-json\/wp\/v2\/types\/product"}],"version-history":[{"count":4,"href":"https:\/\/dashboard.leguaromusic.com\/pt\/wp-json\/wp\/v2\/product\/12167\/revisions"}],"predecessor-version":[{"id":20615,"href":"https:\/\/dashboard.leguaromusic.com\/pt\/wp-json\/wp\/v2\/product\/12167\/revisions\/20615"}],"wp:featuredmedia":[{"embeddable":true,"href":"https:\/\/dashboard.leguaromusic.com\/pt\/wp-json\/wp\/v2\/media\/12147"}],"wp:attachment":[{"href":"https:\/\/dashboard.leguaromusic.com\/pt\/wp-json\/wp\/v2\/media?parent=12167"}],"wp:term":[{"taxonomy":"product_brand","embeddable":true,"href":"https:\/\/dashboard.leguaromusic.com\/pt\/wp-json\/wp\/v2\/product_brand?post=12167"},{"taxonomy":"product_cat","embeddable":true,"href":"https:\/\/dashboard.leguaromusic.com\/pt\/wp-json\/wp\/v2\/product_cat?post=12167"},{"taxonomy":"product_tag","embeddable":true,"href":"https:\/\/dashboard.leguaromusic.com\/pt\/wp-json\/wp\/v2\/product_tag?post=12167"}],"curies":[{"name":"wp","href":"https:\/\/api.w.org\/{rel}","templated":true}]}}